{"id":978,"date":"2022-12-01T11:42:19","date_gmt":"2022-12-01T10:42:19","guid":{"rendered":"https:\/\/bodegasaltun.com\/start\/"},"modified":"2026-02-05T11:26:52","modified_gmt":"2026-02-05T10:26:52","slug":"start","status":"publish","type":"page","link":"https:\/\/bodegasaltun.com\/en\/","title":{"rendered":"Start"},"content":{"rendered":"\n\n\t\t\t\t\t\t\t\t\t<img loading=\"lazy\" decoding=\"async\" src=\"https:\/\/bodegasaltun.com\/wp-content\/uploads\/2022\/12\/home-hero-logo-bodegas_altun.webp\" alt=\"Desde 1989 \u00b7 ALT\u00daN \u00b7 3\u00aa GENERACI\u00d3N DE VITICULTORES \u00b7 Ba\u00f1os de Ebro, Espa\u00f1a\" itemprop=\"image\" height=\"224\" width=\"400\" srcset=\"https:\/\/bodegasaltun.com\/wp-content\/uploads\/2022\/12\/home-hero-logo-bodegas_altun.webp 400w, https:\/\/bodegasaltun.com\/wp-content\/uploads\/2022\/12\/home-hero-logo-bodegas_altun-300x168.webp 300w\" sizes=\"auto, (max-width: 400px) 100vw, 400px\" title=\"home-hero-logo-bodegas_altun\" onerror=\"this.style.display='none'\"  \/>\n\t<p>THE THIRD GENERATION OF WINE GROWERS<\/p>\n\t\t\t<a href=\"https:\/\/youtu.be\/GPEJVoaydx0\" role=\"button\">\n\t\t\t\t\t\t\tWATCH VIDEO\n\t\t\t\t\t<\/a>\n\t\t<h2>\n\t\t\t\t\t\t\t<a href=\"https:\/\/bodegasaltun.com\/en\/familiy\/\" target=\"_self\" rel=\"noopener\">\n\t\t\tTHE THIRD GENERATION OF WINE GROWERS\n\t\t\t\t\t\t\t\t\t\t\tThe love for the land and the vineyard as a legacy\n\t\t\t\t\t\t\t<\/a>\n\t\t<\/h2>\n\t\t\t<p>In 1989, Jos\u00e9 Antonio Mart\u00ednez achieved his dream of working with the fruit from his own vines (cared for by his father since 1939) to produce wines with a marked personality.His sons Iker and Alberto are now those responsible for bestowing their wines with the grandeur of each of these vineyards .<a href=\"https:\/\/bodegasaltun.com\/en\/familiy\/\">About us &gt;<\/a><\/p>\t\t\n\t\t\t\t<img loading=\"lazy\" decoding=\"async\" src=\"https:\/\/bodegasaltun.com\/wp-content\/uploads\/2022\/12\/home-blq-Alberto-e-Iker-bodegas_altun.webp\" alt=\"home-blq-Alberto e Iker-bodegas_altun\" itemprop=\"image\" height=\"595\" width=\"1024\" title=\"home-blq-Alberto e Iker-bodegas_altun\" onerror=\"this.style.display='none'\"  \/>\n<h2>\n\t\tOUR VINEYARDS\n\t<\/h2>\n\t\t<h2>\n\t\t\tLooking\n\t\t\t\t\t\t\t\t\t\t\tafter the perfect vineyard\n\t\t<\/h2>\n\t<p><a href=\"https:\/\/bodegasaltun.com\/en\/vineyards-collectors-of-land\/\">See map &gt;<\/a><\/p>\n\t\t<h2>\n\t\t\t\t\t\t\t<a href=\"https:\/\/bodegasaltun.com\/vinedos-coleccionistas-de-parcelas\/\" target=\"_self\" rel=\"noopener\">\n\t\t\tCOLLECTORS OF LAND\n\t\t\t\t\t\t\t<\/a>\n\t\t<\/h2>\n\t\t\t<p>Vineyards located in Ba\u00f1os de Ebro, Laguardia, Elciego and San Vicente de la Sonsierra, six plots of cultivated land with their own identity and an indescribable beauty.<\/p>\t\t\n                    <a href=\"https:\/\/bodegasaltun.com\/en\/vineyards-collectors-of-land\/#blq_villacardiel\" target=\"_self\" rel=\"noopener\">\n\t\t\t\t\t\t\t<img decoding=\"async\" src=\"https:\/\/bodegasaltun.com\/wp-content\/uploads\/home-slider_parcelas-villacardiel.webp\" alt=\"Villacardiel<br\/><sub>Laguardia<\/sub>&#8221; data-no-lazy=&#8221;1&#8243; \/>\n                            \n                                Villacardiel<br \/><sub>Laguardia<\/sub>                            \n                            <\/a>\n                    <a href=\"https:\/\/bodegasaltun.com\/en\/vineyards-collectors-of-land\/#blq_lacicatrera\" target=\"_self\" rel=\"noopener\">\n\t\t\t\t\t\t\t<img decoding=\"async\" src=\"https:\/\/bodegasaltun.com\/wp-content\/uploads\/home-slider_parcelas-la_cicatera.webp\" alt=\"La Cicatera<\/br\/><sub>Ba\u00f1os de Ebro<\/sub>&#8221; data-no-lazy=&#8221;1&#8243; \/>\n                            \n                                La Cicatera<sub>Ba\u00f1os de Ebro<\/sub>                            \n                            <\/a>\n                    <a href=\"https:\/\/bodegasaltun.com\/en\/vineyards-collectors-of-land\/#blq_sanquiles\" target=\"_self\" rel=\"noopener\">\n\t\t\t\t\t\t\t<img decoding=\"async\" src=\"https:\/\/bodegasaltun.com\/wp-content\/uploads\/2022\/12\/home-slide-vinedos-San_Quiles-bodegas_altun.webp\" alt=\"San Quiles<\/br\/><sub>Ba\u00f1os de Ebro<\/sub>&#8221; data-no-lazy=&#8221;1&#8243; \/>\n                            \n                                San Quiles<sub>Ba\u00f1os de Ebro<\/sub>                            \n                            <\/a>\n                    <a href=\"https:\/\/bodegasaltun.com\/en\/vineyards-collectors-of-land\/#blq_lachoza\" target=\"_self\" rel=\"noopener\">\n\t\t\t\t\t\t\t<img decoding=\"async\" src=\"https:\/\/bodegasaltun.com\/wp-content\/uploads\/home-slider_parcelas-la_choza_everest.webp\" alt=\"La Choza (Everest)<\/br\/><sub>Ba\u00f1os de Ebro<\/sub>&#8221; data-no-lazy=&#8221;1&#8243; \/>\n                            \n                                La Choza (Everest)<sub>Ba\u00f1os de Ebro<\/sub>                            \n                            <\/a>\n                    <a href=\"https:\/\/bodegasaltun.com\/en\/vineyards-collectors-of-land\/#blq_carralaguardia\" target=\"_self\" rel=\"noopener\">\n\t\t\t\t\t\t\t<img decoding=\"async\" src=\"https:\/\/bodegasaltun.com\/wp-content\/uploads\/home-slider_parcelas-carralaguardia.webp\" alt=\"Carralaguardia<\/br\/><sub>Laguardia<\/sub>&#8221; data-no-lazy=&#8221;1&#8243; \/>\n                            \n                                Carralaguardia<sub>Laguardia<\/sub>                            \n                            <\/a>\n                    <a href=\"https:\/\/bodegasaltun.com\/en\/vineyards-collectors-of-land\/#blq_vistalegre\" target=\"_self\" rel=\"noopener\">\n\t\t\t\t\t\t\t<img decoding=\"async\" src=\"https:\/\/bodegasaltun.com\/wp-content\/uploads\/home-slider_parcelas-vistalegre.webp\" alt=\"Vistalegre<\/br\/><sub>Ba\u00f1os de Ebro<\/sub>&#8221; data-no-lazy=&#8221;1&#8243; \/>\n                            \n                                Vistalegre<sub>Ba\u00f1os de Ebro<\/sub>                            \n                            <\/a>\n\t\t\t<button>Next<\/button>\n\t\t<button>Previous<\/button>\n\t<p>Vineyards grow on land that has a unique character. Comprising limestone, gravel and clay, a soil conundrum within a climate marked by sharp contrasts.<\/p>\n<h2>\n\t\tOur wines\n\t<\/h2>\n<h3>\n\t\tVillage Wines\n\t<\/h3>\n\t\t\t\t<a href=\"https:\/\/bodegasaltun.com\/en\/wines\/#pueblo\" target=\"_self\" itemprop=\"url\" rel=\"noopener\">\n\t\t\t\t<img loading=\"lazy\" decoding=\"async\" src=\"https:\/\/bodegasaltun.com\/wp-content\/uploads\/2022\/12\/home-blq.vinos-vinos_de_pueblo-bodegas_altun.webp\" alt=\"home-blq.vinos-vinos_de_pueblo-bodegas_altun\" itemprop=\"image\" height=\"550\" width=\"374\" title=\"home-blq.vinos-vinos_de_pueblo-bodegas_altun\" onerror=\"this.style.display='none'\"  \/>\n\t\t\t\t<\/a>\n<h3>\n\t\tSingle Vineyards Wines\n\t<\/h3>\n\t\t\t\t<a href=\"https:\/\/bodegasaltun.com\/en\/wines\/\" target=\"_self\" itemprop=\"url\" rel=\"noopener\">\n\t\t\t\t<img loading=\"lazy\" decoding=\"async\" src=\"https:\/\/bodegasaltun.com\/wp-content\/uploads\/2022\/12\/home-blq.vinos-vinos_de_parcela-bodegas_altun.webp\" alt=\"home-blq.vinos-vinos_de_parcela-bodegas_altun\" itemprop=\"image\" height=\"550\" width=\"374\" title=\"home-blq.vinos-vinos_de_parcela-bodegas_altun\" onerror=\"this.style.display='none'\"  \/>\n\t\t\t\t<\/a>\n\t\t<h2>\n\t\t\t\t\t\t\t<a href=\"https:\/\/bodegasaltun.com\/en\/altun-quotas\/\" target=\"_self\" rel=\"noopener\">\n\t\t\tAlt\u00fan Allocations\n\t\t\t\t\t\t\t\t\t\t\tExclusive Wines\n\t\t\t\t\t\t\t<\/a>\n\t\t<\/h2>\n\t\t\t<p>In our SINGLE VINEYARDS WINES, because of the reduced number of bottles per vintage, we offer you the possibility of reserving your own allocation.The allocation is subject to availability and the requests will be attended in order of arrival.<a href=\"https:\/\/bodegasaltun.com\/en\/altun-quotas\/\">REQUEST ALLOCATION<\/a><\/p>\t\t\n\n","protected":false},"excerpt":{"rendered":"<p>THE THIRD GENERATION OF WINE GROWERS WATCH VIDEO THE THIRD GENERATION OF WINE GROWERS The love for the land and the vineyard as a legacy In 1989, Jos\u00e9 Antonio Mart\u00ednez achieved his dream of working with the fruit from his own vines (cared for by his father since 1939) to produce wines with a marked&hellip;<\/p>\n","protected":false},"author":1,"featured_media":0,"parent":0,"menu_order":0,"comment_status":"closed","ping_status":"closed","template":"","meta":{"_acf_changed":false,"footnotes":""},"class_list":["post-978","page","type-page","status-publish","hentry"],"acf":[],"yoast_head":"<!-- This site is optimized with the Yoast SEO plugin v27.4 - https:\/\/yoast.com\/product\/yoast-seo-wordpress\/ -->\n<title>Bodegas Alt\u00fan THE THIRD GENERATION OF WINE GROWERS in Ba\u00f1os de Ebro<\/title>\n<meta name=\"description\" content=\"Welcome to the Bodegas Alt\u00fan website where love for the land and the vineyard as a legacy are the pillars of work. In Ba\u00f1os de Ebro.\" \/>\n<meta name=\"robots\" content=\"index, follow, max-snippet:-1, max-image-preview:large, max-video-preview:-1\" \/>\n<link rel=\"canonical\" href=\"https:\/\/bodegasaltun.com\/en\/\" \/>\n<meta property=\"og:locale\" content=\"en_US\" \/>\n<meta property=\"og:type\" content=\"article\" \/>\n<meta property=\"og:title\" content=\"Bodegas Alt\u00fan THE THIRD GENERATION OF WINE GROWERS in Ba\u00f1os de Ebro\" \/>\n<meta property=\"og:description\" content=\"Welcome to the Bodegas Alt\u00fan website where love for the land and the vineyard as a legacy are the pillars of work. In Ba\u00f1os de Ebro.\" \/>\n<meta property=\"og:url\" content=\"https:\/\/bodegasaltun.com\/en\/\" \/>\n<meta property=\"og:site_name\" content=\"Bodegas Alt\u00fan\" \/>\n<meta property=\"article:publisher\" content=\"https:\/\/www.facebook.com\/bodegas.altun\" \/>\n<meta property=\"article:modified_time\" content=\"2026-02-05T10:26:52+00:00\" \/>\n<meta property=\"og:image\" content=\"https:\/\/bodegasaltun.com\/wp-content\/uploads\/2022\/12\/home-hero-panoramica-bodegas_altun-1024x620.webp\" \/>\n<meta name=\"twitter:card\" content=\"summary_large_image\" \/>\n<meta name=\"twitter:title\" content=\"Bodegas Alt\u00fan THE THIRD GENERATION OF WINE GROWERS in Ba\u00f1os de Ebro\" \/>\n<meta name=\"twitter:description\" content=\"Welcome to the Bodegas Alt\u00fan website where love for the land and the vineyard as a legacy are the pillars of work. In Ba\u00f1os de Ebro.\" \/>\n<meta name=\"twitter:image\" content=\"https:\/\/bodegasaltun.com\/wp-content\/uploads\/2022\/12\/home-hero-panoramica-bodegas_altun-1024x620.webp\" \/>\n<meta name=\"twitter:label1\" content=\"Est. reading time\" \/>\n\t<meta name=\"twitter:data1\" content=\"1 minute\" \/>\n<script type=\"application\/ld+json\" class=\"yoast-schema-graph\">{\"@context\":\"https:\\\/\\\/schema.org\",\"@graph\":[{\"@type\":\"WebPage\",\"@id\":\"https:\\\/\\\/bodegasaltun.com\\\/en\\\/\",\"url\":\"https:\\\/\\\/bodegasaltun.com\\\/en\\\/\",\"name\":\"Bodegas Alt\u00fan THE THIRD GENERATION OF WINE GROWERS in Ba\u00f1os de Ebro\",\"isPartOf\":{\"@id\":\"https:\\\/\\\/bodegasaltun.com\\\/en\\\/#website\"},\"primaryImageOfPage\":{\"@id\":\"https:\\\/\\\/bodegasaltun.com\\\/en\\\/#primaryimage\"},\"image\":{\"@id\":\"https:\\\/\\\/bodegasaltun.com\\\/en\\\/#primaryimage\"},\"thumbnailUrl\":\"https:\\\/\\\/bodegasaltun.com\\\/wp-content\\\/uploads\\\/2022\\\/12\\\/home-hero-logo-bodegas_altun.webp\",\"datePublished\":\"2022-12-01T10:42:19+00:00\",\"dateModified\":\"2026-02-05T10:26:52+00:00\",\"description\":\"Welcome to the Bodegas Alt\u00fan website where love for the land and the vineyard as a legacy are the pillars of work. In Ba\u00f1os de Ebro.\",\"breadcrumb\":{\"@id\":\"https:\\\/\\\/bodegasaltun.com\\\/en\\\/#breadcrumb\"},\"inLanguage\":\"en-US\",\"potentialAction\":[{\"@type\":\"ReadAction\",\"target\":[\"https:\\\/\\\/bodegasaltun.com\\\/en\\\/\"]}]},{\"@type\":\"ImageObject\",\"inLanguage\":\"en-US\",\"@id\":\"https:\\\/\\\/bodegasaltun.com\\\/en\\\/#primaryimage\",\"url\":\"https:\\\/\\\/bodegasaltun.com\\\/wp-content\\\/uploads\\\/2022\\\/12\\\/home-hero-logo-bodegas_altun.webp\",\"contentUrl\":\"https:\\\/\\\/bodegasaltun.com\\\/wp-content\\\/uploads\\\/2022\\\/12\\\/home-hero-logo-bodegas_altun.webp\"},{\"@type\":\"BreadcrumbList\",\"@id\":\"https:\\\/\\\/bodegasaltun.com\\\/en\\\/#breadcrumb\",\"itemListElement\":[{\"@type\":\"ListItem\",\"position\":1,\"name\":\"Portada\",\"item\":\"https:\\\/\\\/bodegasaltun.com\\\/en\\\/\"},{\"@type\":\"ListItem\",\"position\":2,\"name\":\"Start\"}]},{\"@type\":\"WebSite\",\"@id\":\"https:\\\/\\\/bodegasaltun.com\\\/en\\\/#website\",\"url\":\"https:\\\/\\\/bodegasaltun.com\\\/en\\\/\",\"name\":\"Bodegas Alt\u00fan\",\"description\":\"Third generation of viticulturists \u00b7 The love for the land and the vineyard as a legacy\",\"publisher\":{\"@id\":\"https:\\\/\\\/bodegasaltun.com\\\/en\\\/#organization\"},\"potentialAction\":[{\"@type\":\"SearchAction\",\"target\":{\"@type\":\"EntryPoint\",\"urlTemplate\":\"https:\\\/\\\/bodegasaltun.com\\\/en\\\/?s={search_term_string}\"},\"query-input\":{\"@type\":\"PropertyValueSpecification\",\"valueRequired\":true,\"valueName\":\"search_term_string\"}}],\"inLanguage\":\"en-US\"},{\"@type\":\"Organization\",\"@id\":\"https:\\\/\\\/bodegasaltun.com\\\/en\\\/#organization\",\"name\":\"Bodegas Alt\u00fan\",\"url\":\"https:\\\/\\\/bodegasaltun.com\\\/en\\\/\",\"logo\":{\"@type\":\"ImageObject\",\"inLanguage\":\"en-US\",\"@id\":\"https:\\\/\\\/bodegasaltun.com\\\/en\\\/#\\\/schema\\\/logo\\\/image\\\/\",\"url\":\"https:\\\/\\\/bodegasaltun.com\\\/wp-content\\\/uploads\\\/logo-invoice-altun.webp\",\"contentUrl\":\"https:\\\/\\\/bodegasaltun.com\\\/wp-content\\\/uploads\\\/logo-invoice-altun.webp\",\"width\":400,\"height\":224,\"caption\":\"Bodegas Alt\u00fan\"},\"image\":{\"@id\":\"https:\\\/\\\/bodegasaltun.com\\\/en\\\/#\\\/schema\\\/logo\\\/image\\\/\"},\"sameAs\":[\"https:\\\/\\\/www.facebook.com\\\/bodegas.altun\",\"https:\\\/\\\/www.instagram.com\\\/bodegasaltun\\\/\",\"https:\\\/\\\/www.youtube.com\\\/channel\\\/UCAJhogfWNKQn0W-5HasGh2Q\"]}]}<\/script>\n<!-- \/ Yoast SEO plugin. -->","yoast_head_json":{"title":"Bodegas Alt\u00fan THE THIRD GENERATION OF WINE GROWERS in Ba\u00f1os de Ebro","description":"Welcome to the Bodegas Alt\u00fan website where love for the land and the vineyard as a legacy are the pillars of work. In Ba\u00f1os de Ebro.","robots":{"index":"index","follow":"follow","max-snippet":"max-snippet:-1","max-image-preview":"max-image-preview:large","max-video-preview":"max-video-preview:-1"},"canonical":"https:\/\/bodegasaltun.com\/en\/","og_locale":"en_US","og_type":"article","og_title":"Bodegas Alt\u00fan THE THIRD GENERATION OF WINE GROWERS in Ba\u00f1os de Ebro","og_description":"Welcome to the Bodegas Alt\u00fan website where love for the land and the vineyard as a legacy are the pillars of work. In Ba\u00f1os de Ebro.","og_url":"https:\/\/bodegasaltun.com\/en\/","og_site_name":"Bodegas Alt\u00fan","article_publisher":"https:\/\/www.facebook.com\/bodegas.altun","article_modified_time":"2026-02-05T10:26:52+00:00","og_image":[{"url":"https:\/\/bodegasaltun.com\/wp-content\/uploads\/2022\/12\/home-hero-panoramica-bodegas_altun-1024x620.webp","type":"","width":"","height":""}],"twitter_card":"summary_large_image","twitter_title":"Bodegas Alt\u00fan THE THIRD GENERATION OF WINE GROWERS in Ba\u00f1os de Ebro","twitter_description":"Welcome to the Bodegas Alt\u00fan website where love for the land and the vineyard as a legacy are the pillars of work. In Ba\u00f1os de Ebro.","twitter_image":"https:\/\/bodegasaltun.com\/wp-content\/uploads\/2022\/12\/home-hero-panoramica-bodegas_altun-1024x620.webp","twitter_misc":{"Est. reading time":"1 minute"},"schema":{"@context":"https:\/\/schema.org","@graph":[{"@type":"WebPage","@id":"https:\/\/bodegasaltun.com\/en\/","url":"https:\/\/bodegasaltun.com\/en\/","name":"Bodegas Alt\u00fan THE THIRD GENERATION OF WINE GROWERS in Ba\u00f1os de Ebro","isPartOf":{"@id":"https:\/\/bodegasaltun.com\/en\/#website"},"primaryImageOfPage":{"@id":"https:\/\/bodegasaltun.com\/en\/#primaryimage"},"image":{"@id":"https:\/\/bodegasaltun.com\/en\/#primaryimage"},"thumbnailUrl":"https:\/\/bodegasaltun.com\/wp-content\/uploads\/2022\/12\/home-hero-logo-bodegas_altun.webp","datePublished":"2022-12-01T10:42:19+00:00","dateModified":"2026-02-05T10:26:52+00:00","description":"Welcome to the Bodegas Alt\u00fan website where love for the land and the vineyard as a legacy are the pillars of work. In Ba\u00f1os de Ebro.","breadcrumb":{"@id":"https:\/\/bodegasaltun.com\/en\/#breadcrumb"},"inLanguage":"en-US","potentialAction":[{"@type":"ReadAction","target":["https:\/\/bodegasaltun.com\/en\/"]}]},{"@type":"ImageObject","inLanguage":"en-US","@id":"https:\/\/bodegasaltun.com\/en\/#primaryimage","url":"https:\/\/bodegasaltun.com\/wp-content\/uploads\/2022\/12\/home-hero-logo-bodegas_altun.webp","contentUrl":"https:\/\/bodegasaltun.com\/wp-content\/uploads\/2022\/12\/home-hero-logo-bodegas_altun.webp"},{"@type":"BreadcrumbList","@id":"https:\/\/bodegasaltun.com\/en\/#breadcrumb","itemListElement":[{"@type":"ListItem","position":1,"name":"Portada","item":"https:\/\/bodegasaltun.com\/en\/"},{"@type":"ListItem","position":2,"name":"Start"}]},{"@type":"WebSite","@id":"https:\/\/bodegasaltun.com\/en\/#website","url":"https:\/\/bodegasaltun.com\/en\/","name":"Bodegas Alt\u00fan","description":"Third generation of viticulturists \u00b7 The love for the land and the vineyard as a legacy","publisher":{"@id":"https:\/\/bodegasaltun.com\/en\/#organization"},"potentialAction":[{"@type":"SearchAction","target":{"@type":"EntryPoint","urlTemplate":"https:\/\/bodegasaltun.com\/en\/?s={search_term_string}"},"query-input":{"@type":"PropertyValueSpecification","valueRequired":true,"valueName":"search_term_string"}}],"inLanguage":"en-US"},{"@type":"Organization","@id":"https:\/\/bodegasaltun.com\/en\/#organization","name":"Bodegas Alt\u00fan","url":"https:\/\/bodegasaltun.com\/en\/","logo":{"@type":"ImageObject","inLanguage":"en-US","@id":"https:\/\/bodegasaltun.com\/en\/#\/schema\/logo\/image\/","url":"https:\/\/bodegasaltun.com\/wp-content\/uploads\/logo-invoice-altun.webp","contentUrl":"https:\/\/bodegasaltun.com\/wp-content\/uploads\/logo-invoice-altun.webp","width":400,"height":224,"caption":"Bodegas Alt\u00fan"},"image":{"@id":"https:\/\/bodegasaltun.com\/en\/#\/schema\/logo\/image\/"},"sameAs":["https:\/\/www.facebook.com\/bodegas.altun","https:\/\/www.instagram.com\/bodegasaltun\/","https:\/\/www.youtube.com\/channel\/UCAJhogfWNKQn0W-5HasGh2Q"]}]}},"_links":{"self":[{"href":"https:\/\/bodegasaltun.com\/en\/wp-json\/wp\/v2\/pages\/978","targetHints":{"allow":["GET"]}}],"collection":[{"href":"https:\/\/bodegasaltun.com\/en\/wp-json\/wp\/v2\/pages"}],"about":[{"href":"https:\/\/bodegasaltun.com\/en\/wp-json\/wp\/v2\/types\/page"}],"author":[{"embeddable":true,"href":"https:\/\/bodegasaltun.com\/en\/wp-json\/wp\/v2\/users\/1"}],"replies":[{"embeddable":true,"href":"https:\/\/bodegasaltun.com\/en\/wp-json\/wp\/v2\/comments?post=978"}],"version-history":[{"count":4,"href":"https:\/\/bodegasaltun.com\/en\/wp-json\/wp\/v2\/pages\/978\/revisions"}],"predecessor-version":[{"id":1201,"href":"https:\/\/bodegasaltun.com\/en\/wp-json\/wp\/v2\/pages\/978\/revisions\/1201"}],"wp:attachment":[{"href":"https:\/\/bodegasaltun.com\/en\/wp-json\/wp\/v2\/media?parent=978"}],"curies":[{"name":"wp","href":"https:\/\/api.w.org\/{rel}","templated":true}]}}